{"id":5,"date":"2011-08-04T20:30:52","date_gmt":"2011-08-04T20:30:52","guid":{"rendered":"http:\/\/www.grupocer.com.uy\/site\/?page_id=5"},"modified":"2020-09-30T16:43:58","modified_gmt":"2020-09-30T16:43:58","slug":"nosotros","status":"publish","type":"page","link":"http:\/\/www.grupocer.com.uy\/site\/?page_id=5","title":{"rendered":"Nosotros"},"content":{"rendered":"<p>[et_pb_section bb_built=&#8221;1&#8243; fullwidth=&#8221;on&#8221; specialty=&#8221;off&#8221; next_background_color=&#8221;#000000&#8243;][et_pb_fullwidth_slider _builder_version=&#8221;3.19.11&#8243;][et_pb_slide _builder_version=&#8221;3.19.11&#8243; heading=&#8221;Grupo CER &#8221; button_link=&#8221;#&#8221; url_new_window=&#8221;off&#8221; link_option_url_new_window=&#8221;off&#8221; background_color=&#8221;#1a8c40&#8243; use_background_color_gradient=&#8221;off&#8221; background_color_gradient_start=&#8221;#2b87da&#8221; background_color_gradient_end=&#8221;#29c4a9&#8243; background_color_gradient_type=&#8221;linear&#8221; background_color_gradient_direction=&#8221;180deg&#8221; background_color_gradient_direction_radial=&#8221;center&#8221; background_color_gradient_start_position=&#8221;0%&#8221; background_color_gradient_end_position=&#8221;100%&#8221; background_color_gradient_overlays_image=&#8221;off&#8221; background_image=&#8221;http:\/\/www.grupocer.com.uy\/site\/wp-content\/uploads\/2020\/09\/01.jpg&#8221; parallax=&#8221;off&#8221; parallax_method=&#8221;on&#8221; background_size=&#8221;cover&#8221; background_position=&#8221;center&#8221; background_repeat=&#8221;no-repeat&#8221; background_blend=&#8221;normal&#8221; allow_player_pause=&#8221;off&#8221; background_video_pause_outside_viewport=&#8221;on&#8221; use_bg_overlay=&#8221;on&#8221; use_text_overlay=&#8221;off&#8221; text_border_radius=&#8221;3&#8243; alignment=&#8221;center&#8221; child_filter_hue_rotate=&#8221;0deg&#8221; child_filter_saturate=&#8221;100%&#8221; child_filter_brightness=&#8221;73%&#8221; child_filter_contrast=&#8221;100%&#8221; child_filter_invert=&#8221;0%&#8221; child_filter_sepia=&#8221;0%&#8221; child_filter_opacity=&#8221;100%&#8221; child_filter_blur=&#8221;0px&#8221; child_mix_blend_mode=&#8221;normal&#8221; background_layout=&#8221;dark&#8221; text_shadow_style=&#8221;none&#8221; header_text_shadow_style=&#8221;none&#8221; body_text_shadow_style=&#8221;none&#8221; custom_button=&#8221;off&#8221; button_bg_use_color_gradient=&#8221;off&#8221; button_bg_color_gradient_overlays_image=&#8221;off&#8221; button_use_icon=&#8221;on&#8221; button_on_hover=&#8221;on&#8221; button_text_shadow_style=&#8221;none&#8221; box_shadow_style_button=&#8221;none&#8221; hover_transition_duration=&#8221;300ms&#8221; hover_transition_delay=&#8221;0ms&#8221; hover_transition_speed_curve=&#8221;ease&#8221; text_shadow_horizontal_length=&#8221;0em&#8221; text_shadow_vertical_length=&#8221;0em&#8221; text_shadow_blur_strength=&#8221;0em&#8221; header_text_shadow_horizontal_length=&#8221;0em&#8221; header_text_shadow_vertical_length=&#8221;0em&#8221; header_text_shadow_blur_strength=&#8221;0em&#8221; body_text_shadow_horizontal_length=&#8221;0em&#8221; body_text_shadow_vertical_length=&#8221;0em&#8221; body_text_shadow_blur_strength=&#8221;0em&#8221; button_text_shadow_horizontal_length=&#8221;0em&#8221; button_text_shadow_vertical_length=&#8221;0em&#8221; button_text_shadow_blur_strength=&#8221;0em&#8221; bg_overlay_color=&#8221;rgba(0,0,0,0.46)&#8221;]<\/p>\n<p>Grupo CER es un grupo de empresas de demostrada idoneidad, que se ecuentran estrechamente vinculadas entres s\u00ed, con un solo fin: proponerle la mejor relaci\u00f3n precio-calidad a sus operaciones de Comercio Exterior.<\/p>\n<p>Dirigida por Carlos E. Rodriguez Dourado (Despachante de Aduanas, Proveedor Mar\u00edtimo, Surveyor), cuenta con mas de 30 a\u00f1os de experiencia en log\u00edstica de comercio internacional proporcionanando el asesoramiento que Ud. est\u00e1 esperando de un grupo log\u00edstico de Comercio Exterior.<\/p>\n<p>[\/et_pb_slide][\/et_pb_fullwidth_slider][\/et_pb_section][et_pb_section bb_built=&#8221;1&#8243; prev_background_color=&#8221;#000000&#8243;][et_pb_row][et_pb_column type=&#8221;4_4&#8243;][et_pb_cta _builder_version=&#8221;3.19.11&#8243; title=&#8221;Para la efectivizaci\u00f3n de sus operaciones, Grupo CER conf\u00eda en empresas y personas altamente capacitadas y calificadas para el desempe\u00f1o de la logistica y asesoramiento solicitado.&#8221; box_shadow_style=&#8221;preset3&#8243; header_level=&#8221;h3&#8243; header_line_height=&#8221;1.4em&#8221; \/][\/et_pb_column][\/et_pb_row][et_pb_row][et_pb_column type=&#8221;3_5&#8243;][et_pb_text _builder_version=&#8221;3.19.11&#8243;]<\/p>\n<ul>\n<li>Logimex S.R.L. (log\u00edstica en Importaci\u00f3n\/Exportaci\u00f3n y Proveedur\u00eda Mar\u00edtima)<\/li>\n<li>Tranship Uruguay S.A. (Agencia Maritima)<\/li>\n<li>Transcargo S.R.L. (Freight Forwarders)<\/li>\n<li>Rolitrans S.A. (Freight Forwarders)<\/li>\n<li>Costa Oriental S.A. (Zona Franca de Montevideo)<\/li>\n<li>Supralux S.A. (Zona Franca de Montevideo Supramar S.A. (Operador Portuario y Depositario en Puerto libre de Montevideo)<\/li>\n<li>Supramar S.A. (Operador Portuario y Depositario en puerto libre de Montevideo)<\/li>\n<li>Dep\u00f3sitos Montevideo S.A. (Operador Portuario y Depositario en puerto libre de Montevideo)<\/li>\n<li>Cataf Rey (Transportista Profesional de Cargas)<\/li>\n<li>Transportes Vazquez S.A. (Transportista Profesional de Cargas)<\/li>\n<li>Cr. Diego Conde (Asesor en Derecho Tributario)<\/li>\n<li>Cr. Walter Santos (Asesor en derecho Tributario)<\/li>\n<li>Dr. Pablo Gonzalez Bianchi (Profesor de Derecho Aduanero)<\/li>\n<li>Dra. Flavia Figueredo (Asesora en Derecho Aduanero)<\/li>\n<\/ul>\n<p>[\/et_pb_text][\/et_pb_column][et_pb_column type=&#8221;2_5&#8243;][et_pb_image _builder_version=&#8221;3.19.11&#8243; src=&#8221;http:\/\/www.grupocer.com.uy\/site\/wp-content\/uploads\/2011\/12\/logimex_logo-e1471378019862.jpg&#8221; \/][\/et_pb_column][\/et_pb_row][et_pb_row][et_pb_column type=&#8221;4_4&#8243;][et_pb_blurb _builder_version=&#8221;3.19.11&#8243; title=&#8221;Confie, solicite nuestro asesoramiento y ver\u00e1 por que Marcamos la Diferencia.&#8221; header_level=&#8221;h3&#8243; header_line_height=&#8221;1.5em&#8221; box_shadow_style_image=&#8221;preset3&#8243; box_shadow_style=&#8221;preset3&#8243; animation_style=&#8221;slide&#8221; custom_padding=&#8221;20px|20px|20px|20px&#8221;]<\/p>\n<p>Una selecta red de agentes representantes en cada punto aduanero del pais, lo cual le dan a nuestras operaciones el respaldo que Ud. espera del grupo.<\/p>\n<p>[\/et_pb_blurb][\/et_pb_column][\/et_pb_row][\/et_pb_section]<\/p>\n","protected":false},"excerpt":{"rendered":"<p>Grupo CER es un grupo de empresas de demostrada idoneidad, que se ecuentran estrechamente vinculadas entres s\u00ed, con un solo fin: proponerle la mejor relaci\u00f3n precio-calidad a sus operaciones de Comercio Exterior. Dirigida por Carlos E. Rodriguez Dourado (Despachante de Aduanas, Proveedor Mar\u00edtimo, Surveyor), cuenta con mas de 30 a\u00f1os de experiencia en log\u00edstica de [&hellip;]<\/p>\n","protected":false},"author":1,"featured_media":0,"parent":0,"menu_order":1,"comment_status":"closed","ping_status":"closed","template":"","meta":{"_et_pb_use_builder":"on","_et_pb_old_content":"","_et_gb_content_width":""},"_links":{"self":[{"href":"http:\/\/www.grupocer.com.uy\/site\/index.php?rest_route=\/wp\/v2\/pages\/5"}],"collection":[{"href":"http:\/\/www.grupocer.com.uy\/site\/index.php?rest_route=\/wp\/v2\/pages"}],"about":[{"href":"http:\/\/www.grupocer.com.uy\/site\/index.php?rest_route=\/wp\/v2\/types\/page"}],"author":[{"embeddable":true,"href":"http:\/\/www.grupocer.com.uy\/site\/index.php?rest_route=\/wp\/v2\/users\/1"}],"replies":[{"embeddable":true,"href":"http:\/\/www.grupocer.com.uy\/site\/index.php?rest_route=%2Fwp%2Fv2%2Fcomments&post=5"}],"version-history":[{"count":63,"href":"http:\/\/www.grupocer.com.uy\/site\/index.php?rest_route=\/wp\/v2\/pages\/5\/revisions"}],"predecessor-version":[{"id":404,"href":"http:\/\/www.grupocer.com.uy\/site\/index.php?rest_route=\/wp\/v2\/pages\/5\/revisions\/404"}],"wp:attachment":[{"href":"http:\/\/www.grupocer.com.uy\/site\/index.php?rest_route=%2Fwp%2Fv2%2Fmedia&parent=5"}],"curies":[{"name":"wp","href":"https:\/\/api.w.org\/{rel}","templated":true}]}}