{"id":341,"date":"2020-09-24T17:32:12","date_gmt":"2020-09-24T17:32:12","guid":{"rendered":"http:\/\/www.grupocer.com.uy\/site\/?page_id=341"},"modified":"2023-03-03T19:05:55","modified_gmt":"2023-03-03T19:05:55","slug":"grupo-cer","status":"publish","type":"page","link":"http:\/\/www.grupocer.com.uy\/site\/","title":{"rendered":"Grupo CER"},"content":{"rendered":"<p>[et_pb_section bb_built=&#8221;1&#8243; fullwidth=&#8221;on&#8221; specialty=&#8221;off&#8221; next_background_color=&#8221;#000000&#8243; _builder_version=&#8221;3.19.11&#8243; animation_style=&#8221;slide&#8221; custom_margin=&#8221;||30px|&#8221;][et_pb_fullwidth_slider _builder_version=&#8221;3.19.11&#8243; show_arrows=&#8221;off&#8221; show_pagination=&#8221;off&#8221; background_color=&#8221;#168472&#8243; background_image=&#8221;http:\/\/www.grupocer.com.uy\/site\/wp-content\/uploads\/2016\/08\/fondo2.jpg&#8221; box_shadow_style=&#8221;preset3&#8243; animation_style=&#8221;fade&#8221;][et_pb_slide _builder_version=&#8221;3.19.11&#8243; heading=&#8221;Bienvenidos&#8221; button_link=&#8221;#&#8221; url_new_window=&#8221;off&#8221; link_option_url_new_window=&#8221;off&#8221; background_color=&#8221;#1a8c40&#8243; use_background_color_gradient=&#8221;off&#8221; background_color_gradient_start=&#8221;#2b87da&#8221; background_color_gradient_end=&#8221;#29c4a9&#8243; background_color_gradient_type=&#8221;linear&#8221; background_color_gradient_direction=&#8221;180deg&#8221; background_color_gradient_direction_radial=&#8221;center&#8221; background_color_gradient_start_position=&#8221;0%&#8221; background_color_gradient_end_position=&#8221;100%&#8221; background_color_gradient_overlays_image=&#8221;off&#8221; parallax=&#8221;off&#8221; parallax_method=&#8221;on&#8221; background_size=&#8221;cover&#8221; background_position=&#8221;center&#8221; background_repeat=&#8221;no-repeat&#8221; background_blend=&#8221;normal&#8221; allow_player_pause=&#8221;off&#8221; background_video_pause_outside_viewport=&#8221;on&#8221; use_bg_overlay=&#8221;on&#8221; use_text_overlay=&#8221;off&#8221; text_border_radius=&#8221;3&#8243; alignment=&#8221;center&#8221; child_filter_hue_rotate=&#8221;0deg&#8221; child_filter_saturate=&#8221;100%&#8221; child_filter_brightness=&#8221;100%&#8221; child_filter_contrast=&#8221;100%&#8221; child_filter_invert=&#8221;0%&#8221; child_filter_sepia=&#8221;0%&#8221; child_filter_opacity=&#8221;100%&#8221; child_filter_blur=&#8221;0px&#8221; child_mix_blend_mode=&#8221;normal&#8221; background_layout=&#8221;dark&#8221; text_shadow_style=&#8221;none&#8221; header_text_shadow_style=&#8221;none&#8221; body_text_shadow_style=&#8221;none&#8221; custom_button=&#8221;off&#8221; button_bg_use_color_gradient=&#8221;off&#8221; button_bg_color_gradient_overlays_image=&#8221;off&#8221; button_use_icon=&#8221;on&#8221; button_on_hover=&#8221;on&#8221; button_text_shadow_style=&#8221;none&#8221; box_shadow_style_button=&#8221;none&#8221; hover_transition_duration=&#8221;300ms&#8221; hover_transition_delay=&#8221;0ms&#8221; hover_transition_speed_curve=&#8221;ease&#8221; text_shadow_horizontal_length=&#8221;0em&#8221; text_shadow_vertical_length=&#8221;0em&#8221; text_shadow_blur_strength=&#8221;0em&#8221; header_text_shadow_horizontal_length=&#8221;0em&#8221; header_text_shadow_vertical_length=&#8221;0em&#8221; header_text_shadow_blur_strength=&#8221;0em&#8221; body_text_shadow_horizontal_length=&#8221;0em&#8221; body_text_shadow_vertical_length=&#8221;0em&#8221; body_text_shadow_blur_strength=&#8221;0em&#8221; button_text_shadow_horizontal_length=&#8221;0em&#8221; button_text_shadow_vertical_length=&#8221;0em&#8221; button_text_shadow_blur_strength=&#8221;0em&#8221; bg_overlay_color=&#8221;rgba(0,0,0,0.67)&#8221; text_orientation=&#8221;left&#8221; header_line_height=&#8221;1.9em&#8221; header_line_height_tablet=&#8221;1.9em&#8221; header_line_height_phone=&#8221;1.9em&#8221; body_line_height=&#8221;2.2em&#8221; body_line_height_tablet=&#8221;2.2em&#8221; body_line_height_phone=&#8221;2.2em&#8221; body_font_size=&#8221;21&#8243; body_font_size_tablet=&#8221;21&#8243; body_font_size_phone=&#8221;21&#8243; button_text=&#8221;Saber m\u00e1s&#8221;]<\/p>\n<p style=\"text-align: left;\">Grupo CER es un grupo de empresas de demostrada idoneidad, que se ecuentran estrechamente vinculadas entres s\u00ed, con un solo fin: proponerle la mejor relaci\u00f3n precio-calidad a sus operaciones de Comercio Exterior.<\/p>\n<p style=\"text-align: left;\">Dirigida por Carlos E. Rodriguez Dourado (Despachante de Aduanas, Proveedor Mar\u00edtimo, Surveyor), cuenta con mas de 30 a\u00f1os de experiencia en log\u00edstica de comercio internacional proporcionanando el asesoramiento que Ud. est\u00e1 esperando de un grupo log\u00edstico de Comercio Exterior.<\/p>\n<p>[\/et_pb_slide][\/et_pb_fullwidth_slider][\/et_pb_section][et_pb_section bb_built=&#8221;1&#8243; _builder_version=&#8221;3.19.11&#8243; prev_background_color=&#8221;#ffffff&#8221; custom_margin=&#8221;0px|0px|0px|0px&#8221; custom_padding=&#8221;0px|0px|0px|0px&#8221; use_background_color_gradient=&#8221;on&#8221; background_color_gradient_direction=&#8221;75deg&#8221; background_color_gradient_start=&#8221;rgba(0,0,0,0.28)&#8221; background_color_gradient_end=&#8221;rgba(232,232,232,0.89)&#8221; next_background_color=&#8221;#ffffff&#8221;][et_pb_row][et_pb_column type=&#8221;1_2&#8243;][et_pb_text _builder_version=&#8221;3.19.11&#8243;]<\/p>\n<h1>Servicios<\/h1>\n<p>[\/et_pb_text][et_pb_image _builder_version=&#8221;3.19.11&#8243; src=&#8221;http:\/\/www.grupocer.com.uy\/site\/wp-content\/uploads\/2016\/08\/servicios.jpg&#8221; \/][et_pb_text _builder_version=&#8221;3.19.11&#8243;]<\/p>\n<p>Compuesto por empresas l\u00edderes en sus distintas \u00e1reas de actividad, ponemos a vuestra disposici\u00f3n la siguiente gama de servicios. De acuerdo a las necesidades espec\u00edficas de cada empresa se analizar\u00e1n y aplicar\u00e1n los recursos humanos y tecnol\u00f3gicos necesarios, con el objetivo de brindar un servicio personalizado, eficiente y competitivo.<\/p>\n<p>[\/et_pb_text][et_pb_button _builder_version=&#8221;3.19.11&#8243; button_text=&#8221;Saber m\u00e1s&#8221; button_url=&#8221;http:\/\/www.grupocer.com.uy\/site\/servicios\/&#8221; \/][\/et_pb_column][et_pb_column type=&#8221;1_2&#8243;][et_pb_text _builder_version=&#8221;3.19.11&#8243;]<\/p>\n<h1>El Despachante<\/h1>\n<p>[\/et_pb_text][et_pb_image _builder_version=&#8221;3.19.11&#8243; src=&#8221;http:\/\/www.grupocer.com.uy\/site\/wp-content\/uploads\/2016\/08\/despachante.jpg&#8221; \/][et_pb_text _builder_version=&#8221;3.19.11&#8243;]<\/p>\n<p>El nacimiento de la funci\u00f3n p\u00fablica del Despachante de Aduana se sit\u00faa en los albores de nuestra nacionalidad, cuando en las primeras disposiciones aduaneras del pa\u00eds se habla, frecuentemente, de comerciantes matriculados en la Aduana. Pero el Despachante, actuando a nombre propio y por cuenta de terceros, aparece posteriormente.<\/p>\n<p>[\/et_pb_text][et_pb_button _builder_version=&#8221;3.19.11&#8243; button_text=&#8221;Saber m\u00e1s&#8221; button_url=&#8221;http:\/\/www.grupocer.com.uy\/site\/mas-informacion-sobre-el-despachante-de-aduanas\/&#8221; \/][\/et_pb_column][\/et_pb_row][\/et_pb_section][et_pb_section bb_built=&#8221;1&#8243; fullwidth=&#8221;on&#8221; specialty=&#8221;off&#8221; prev_background_color=&#8221;#000000&#8243; next_background_color=&#8221;#000000&#8243; _builder_version=&#8221;3.19.11&#8243; box_shadow_style=&#8221;preset3&#8243;][et_pb_fullwidth_header _builder_version=&#8221;3.19.11&#8243; title=&#8221;Servicios que le ofrecemos:&#8221; header_image_url=&#8221;http:\/\/www.grupocer.com.uy\/site\/wp-content\/uploads\/2020\/09\/lgo_grSer.png&#8221;]<\/p>\n<ul>\n<li>Despachos Aduaneros<\/li>\n<li>Log\u00edstica Integral de Cargas<\/li>\n<li>Asesoramiento y Consultor\u00eda<\/li>\n<li>Investigaci\u00f3n de Mercados<\/li>\n<li>Estad\u00edsticas de Operaciones<\/li>\n<li>Administraci\u00f3n Integral<\/li>\n<\/ul>\n<p>[\/et_pb_fullwidth_header][\/et_pb_section][et_pb_section bb_built=&#8221;1&#8243; fullwidth=&#8221;off&#8221; specialty=&#8221;off&#8221; prev_background_color=&#8221;#000000&#8243;][et_pb_row][et_pb_column type=&#8221;3_5&#8243;][et_pb_text _builder_version=&#8221;3.19.11&#8243;]<\/p>\n<h3>Cont\u00e1ctenos<\/h3>\n<p>[\/et_pb_text][et_pb_contact_form _builder_version=&#8221;3.19.11&#8243;][et_pb_contact_field field_title=&#8221;Nombre&#8221; field_type=&#8221;input&#8221; field_id=&#8221;Name&#8221; required_mark=&#8221;on&#8221; fullwidth_field=&#8221;off&#8221; \/][et_pb_contact_field field_title=&#8221;Direcci\u00f3n de correo electr\u00f3nico&#8221; field_type=&#8221;email&#8221; field_id=&#8221;Email&#8221; required_mark=&#8221;on&#8221; fullwidth_field=&#8221;off&#8221; \/][et_pb_contact_field field_title=&#8221;Mensaje&#8221; field_type=&#8221;text&#8221; field_id=&#8221;Message&#8221; required_mark=&#8221;on&#8221; fullwidth_field=&#8221;on&#8221; \/][\/et_pb_contact_form][et_pb_text _builder_version=&#8221;3.19.11&#8243;]<\/p>\n<p>Grupo CER (Comercio Exterior y Aduanas)<br \/>\n8 de Octubre 2355 Oficina 1004 \u2013 (Torre del Congreso) \u2013 C.P.11800 Montevideo \u2013 Uruguay<br \/>\nTel\u00e9fono: +598 2400 1716 (*)<\/p>\n<p>[\/et_pb_text][\/et_pb_column][et_pb_column type=&#8221;2_5&#8243;][et_pb_image _builder_version=&#8221;3.19.11&#8243; src=&#8221;http:\/\/www.grupocer.com.uy\/site\/wp-content\/uploads\/2016\/08\/links.jpg&#8221; \/][\/et_pb_column][\/et_pb_row][\/et_pb_section]<\/p>\n","protected":false},"excerpt":{"rendered":"<p>Grupo CER es un grupo de empresas de demostrada idoneidad, que se ecuentran estrechamente vinculadas entres s\u00ed, con un solo fin: proponerle la mejor relaci\u00f3n precio-calidad a sus operaciones de Comercio Exterior. Dirigida por Carlos E. Rodriguez Dourado (Despachante de Aduanas, Proveedor Mar\u00edtimo, Surveyor), cuenta con mas de 30 a\u00f1os de experiencia en log\u00edstica de [&hellip;]<\/p>\n","protected":false},"author":1,"featured_media":0,"parent":0,"menu_order":0,"comment_status":"closed","ping_status":"closed","template":"","meta":{"_et_pb_use_builder":"on","_et_pb_old_content":"","_et_gb_content_width":""},"_links":{"self":[{"href":"http:\/\/www.grupocer.com.uy\/site\/index.php?rest_route=\/wp\/v2\/pages\/341"}],"collection":[{"href":"http:\/\/www.grupocer.com.uy\/site\/index.php?rest_route=\/wp\/v2\/pages"}],"about":[{"href":"http:\/\/www.grupocer.com.uy\/site\/index.php?rest_route=\/wp\/v2\/types\/page"}],"author":[{"embeddable":true,"href":"http:\/\/www.grupocer.com.uy\/site\/index.php?rest_route=\/wp\/v2\/users\/1"}],"replies":[{"embeddable":true,"href":"http:\/\/www.grupocer.com.uy\/site\/index.php?rest_route=%2Fwp%2Fv2%2Fcomments&post=341"}],"version-history":[{"count":43,"href":"http:\/\/www.grupocer.com.uy\/site\/index.php?rest_route=\/wp\/v2\/pages\/341\/revisions"}],"predecessor-version":[{"id":423,"href":"http:\/\/www.grupocer.com.uy\/site\/index.php?rest_route=\/wp\/v2\/pages\/341\/revisions\/423"}],"wp:attachment":[{"href":"http:\/\/www.grupocer.com.uy\/site\/index.php?rest_route=%2Fwp%2Fv2%2Fmedia&parent=341"}],"curies":[{"name":"wp","href":"https:\/\/api.w.org\/{rel}","templated":true}]}}